{"id":6,"date":"2019-07-17T19:38:38","date_gmt":"2019-07-17T19:38:38","guid":{"rendered":"https:\/\/blackltech.com\/?page_id=6"},"modified":"2021-03-04T05:53:17","modified_gmt":"2021-03-04T05:53:17","slug":"contactanos","status":"publish","type":"page","link":"https:\/\/blackltech.com\/?page_id=6","title":{"rendered":"Cont\u00e1ctanos"},"content":{"rendered":"\n<h2>Ponte en Contacto con Nosotros<\/h2>\n\n\n\n<p class=\"has-text-align-left\"><strong>C\u00f3digo Postal:<\/strong> 180205<br><strong>Email:<\/strong> contacto@blackltech.com<br><strong>Tel\u00e9fono:<\/strong>0996237926<br><strong>Direcci\u00f3n:<\/strong> Gustavo Lemos y Atahualpa Villacres, primer piso, Local #1   <\/p>\n\n\n\n<iframe loading=\"lazy\" width=\"600\" height=\"450\" src=\"https:\/\/www.google.com\/maps\/embed?pb=!1m14!1m8!1m3!1d7977.712142689587!2d-78.620752!3d-1.258385!3m2!1i1024!2i768!4f13.1!3m3!1m2!1s0x0%3A0xa687d6a288d2f58b!2sBlack+Label+Tech+C%C3%ADa+Ltda!5e0!3m2!1ses-419!2sec!4v1563392239099!5m2!1ses-419!2sec\" frameborder=\"0\" allowfullscreen=\"\" style=\"border:0\"><\/iframe>\n\n\n\n<p><\/p>\n","protected":false},"excerpt":{"rendered":"<p>Ponte en Contacto con Nosotros C\u00f3digo Postal: 180205Email: contacto@blackltech.comTel\u00e9fono:0996237926Direcci\u00f3n: Gustavo Lemos y Atahualpa Villacres, primer piso, Local #1<\/p>\n","protected":false},"author":1,"featured_media":0,"parent":0,"menu_order":0,"comment_status":"closed","ping_status":"closed","template":"","meta":[],"_links":{"self":[{"href":"https:\/\/blackltech.com\/index.php?rest_route=\/wp\/v2\/pages\/6"}],"collection":[{"href":"https:\/\/blackltech.com\/index.php?rest_route=\/wp\/v2\/pages"}],"about":[{"href":"https:\/\/blackltech.com\/index.php?rest_route=\/wp\/v2\/types\/page"}],"author":[{"embeddable":true,"href":"https:\/\/blackltech.com\/index.php?rest_route=\/wp\/v2\/users\/1"}],"replies":[{"embeddable":true,"href":"https:\/\/blackltech.com\/index.php?rest_route=%2Fwp%2Fv2%2Fcomments&post=6"}],"version-history":[{"count":5,"href":"https:\/\/blackltech.com\/index.php?rest_route=\/wp\/v2\/pages\/6\/revisions"}],"predecessor-version":[{"id":123,"href":"https:\/\/blackltech.com\/index.php?rest_route=\/wp\/v2\/pages\/6\/revisions\/123"}],"wp:attachment":[{"href":"https:\/\/blackltech.com\/index.php?rest_route=%2Fwp%2Fv2%2Fmedia&parent=6"}],"curies":[{"name":"wp","href":"https:\/\/api.w.org\/{rel}","templated":true}]}}