{"id":44,"date":"2019-07-17T22:08:04","date_gmt":"2019-07-17T22:08:04","guid":{"rendered":"https:\/\/blackltech.com\/?page_id=44"},"modified":"2023-05-23T00:11:47","modified_gmt":"2023-05-23T00:11:47","slug":"geo-cash","status":"publish","type":"page","link":"https:\/\/blackltech.com\/?page_id=44","title":{"rendered":"Aplicativo M\u00f3vil"},"content":{"rendered":"\n<h2>Geo Cash<\/h2>\n\n\n\n<p>Black Label Tech lanza su nuevo aplicativo m\u00f3vil de Geolocalizaci\u00f3n, Captaci\u00f3n, Colocaci\u00f3n y Cobranzas!<br>El aplicativo m\u00f3vil se ha desarrollado para la automatizaci\u00f3n de gesti\u00f3n de cobranzas y para facilitar el trabajo en campo del \u00e1rea de cr\u00e9dito. Est\u00e1 orientado especialmente a controlar y mejorar la rentabilidad del negocio financiero, elevar el nivel de servicio al cliente, facilitar y optimizar la cobranza extrajudicial y dinamizar el negocio con recaudaci\u00f3n m\u00f3vil.<\/p>\n\n\n\n<hr class=\"wp-block-separator\"\/>\n\n\n\n<div class=\"wp-block-cover is-light\"><span aria-hidden=\"true\" class=\"has-background-dim-30 wp-block-cover__gradient-background has-background-dim\"><\/span><img loading=\"lazy\" width=\"1920\" height=\"1080\" class=\"wp-block-cover__image-background wp-image-77\" src=\"https:\/\/blackltech.com\/wp-content\/uploads\/2019\/07\/geolocalizacionFB.jpg\" data-object-fit=\"cover\" srcset=\"https:\/\/blackltech.com\/wp-content\/uploads\/2019\/07\/geolocalizacionFB.jpg 1920w, https:\/\/blackltech.com\/wp-content\/uploads\/2019\/07\/geolocalizacionFB-300x169.jpg 300w, https:\/\/blackltech.com\/wp-content\/uploads\/2019\/07\/geolocalizacionFB-768x432.jpg 768w, https:\/\/blackltech.com\/wp-content\/uploads\/2019\/07\/geolocalizacionFB-1024x576.jpg 1024w\" sizes=\"(max-width: 1920px) 100vw, 1920px\" \/><div class=\"wp-block-cover__inner-container\">\n<p class=\"has-text-align-center has-large-font-size\"><\/p>\n<\/div><\/div>\n\n\n\n<hr class=\"wp-block-separator\"\/>\n\n\n\n<h4>Principales caracter\u00edsticas<\/h4>\n\n\n\n<ul><li>Sistema non-stop con acceso todos los d\u00edas 24\/7.<\/li><li>Compatible con todos los dispositivos Android.<\/li><li>Registro de acceso mediante autentificaci\u00f3n.<\/li><li>Consulta de datos en tiempo real para tener informaci\u00f3n de saldos, movimientos, productos e informaci\u00f3n adicional.<\/li><li>Manejo por roles de usuario.<\/li><li>Localizaci\u00f3n en tiempo real.<\/li><li>Registro de lugares visitados, as\u00ed como tambi\u00e9n de las direcciones de socios o clientes potenciales.<\/li><li>Recaudaci\u00f3n directa con comprobante de pago.<\/li><li>Sectorizaci\u00f3n de cartera por ubicaci\u00f3n geogr\u00e1fica y mora.<\/li><li>Simuladores de Cr\u00e9dito y Plazo Fijo.<\/li><li>Creaci\u00f3n r\u00e1pida de personas.<\/li><li> Creaci\u00f3n y mantenimientos de usuarios y su asociaci\u00f3n a un dispositivo en espec\u00edfico. <\/li><\/ul>\n\n\n\n<hr class=\"wp-block-separator\"\/>\n\n\n\n<h4>Ventajas del Sistema<\/h4>\n\n\n\n<ul><li>Permite constante monitoreo de los asesores, ofreciendo informaci\u00f3n necesaria para un an\u00e1lisis de cumplimiento de metas, incentivos o refuerzos en campo.<\/li><li>Puede ser accedido desde cualquier dispositivo y registra la ubicaci\u00f3n a\u00fan sin conexi\u00f3n a internet.<\/li><li>Registro de geolocalizaci\u00f3n de socios, optimizando las visitas a los mismos.<\/li><li>La creaci\u00f3n de personas y la recaudaci\u00f3n le dan a los socios comodidad, generando una excelente presencia institucional.<\/li><\/ul>\n\n\n\n<figure class=\"wp-block-gallery has-nested-images columns-default is-cropped\">\n<figure class=\"wp-block-image\"><img loading=\"lazy\" width=\"381\" height=\"767\" data-id=\"529\"  src=\"https:\/\/blackltech.com\/wp-content\/uploads\/2023\/05\/Utilidades-2.jpg\" alt=\"\" class=\"wp-image-529\" srcset=\"https:\/\/blackltech.com\/wp-content\/uploads\/2023\/05\/Utilidades-2.jpg 381w, https:\/\/blackltech.com\/wp-content\/uploads\/2023\/05\/Utilidades-2-149x300.jpg 149w\" sizes=\"(max-width: 381px) 100vw, 381px\" \/><\/figure>\n\n\n\n<figure class=\"wp-block-image\"><img loading=\"lazy\" width=\"467\" height=\"722\" data-id=\"530\"  src=\"https:\/\/blackltech.com\/wp-content\/uploads\/2023\/05\/registrar-ubicacion.jpg\" alt=\"\" class=\"wp-image-530\" srcset=\"https:\/\/blackltech.com\/wp-content\/uploads\/2023\/05\/registrar-ubicacion.jpg 467w, https:\/\/blackltech.com\/wp-content\/uploads\/2023\/05\/registrar-ubicacion-194x300.jpg 194w\" sizes=\"(max-width: 467px) 100vw, 467px\" \/><\/figure>\n<\/figure>\n","protected":false},"excerpt":{"rendered":"<p>Geo Cash Black Label Tech lanza su nuevo aplicativo m\u00f3vil de Geolocalizaci\u00f3n, Captaci\u00f3n, Colocaci\u00f3n y Cobranzas!El aplicativo m\u00f3vil se ha desarrollado para la automatizaci\u00f3n de gesti\u00f3n de cobranzas y para facilitar el trabajo en campo del \u00e1rea de cr\u00e9dito. Est\u00e1 orientado especialmente a controlar y mejorar la rentabilidad del negocio financiero, elevar el nivel de servicio al cliente, facilitar y &hellip;<\/p>\n","protected":false},"author":1,"featured_media":0,"parent":0,"menu_order":0,"comment_status":"closed","ping_status":"closed","template":"","meta":[],"_links":{"self":[{"href":"https:\/\/blackltech.com\/index.php?rest_route=\/wp\/v2\/pages\/44"}],"collection":[{"href":"https:\/\/blackltech.com\/index.php?rest_route=\/wp\/v2\/pages"}],"about":[{"href":"https:\/\/blackltech.com\/index.php?rest_route=\/wp\/v2\/types\/page"}],"author":[{"embeddable":true,"href":"https:\/\/blackltech.com\/index.php?rest_route=\/wp\/v2\/users\/1"}],"replies":[{"embeddable":true,"href":"https:\/\/blackltech.com\/index.php?rest_route=%2Fwp%2Fv2%2Fcomments&post=44"}],"version-history":[{"count":7,"href":"https:\/\/blackltech.com\/index.php?rest_route=\/wp\/v2\/pages\/44\/revisions"}],"predecessor-version":[{"id":531,"href":"https:\/\/blackltech.com\/index.php?rest_route=\/wp\/v2\/pages\/44\/revisions\/531"}],"wp:attachment":[{"href":"https:\/\/blackltech.com\/index.php?rest_route=%2Fwp%2Fv2%2Fmedia&parent=44"}],"curies":[{"name":"wp","href":"https:\/\/api.w.org\/{rel}","templated":true}]}}